{"id":15653,"date":"2022-06-05T10:05:21","date_gmt":"2022-06-05T08:05:21","guid":{"rendered":"https:\/\/royalwood.ba\/?page_id=15653"},"modified":"2024-08-29T09:15:06","modified_gmt":"2024-08-29T07:15:06","slug":"o-nama","status":"publish","type":"page","link":"https:\/\/royalwood.ba\/ar\/o-nama\/","title":{"rendered":"\u0645\u0639\u0644\u0648\u0645\u0627\u062a \u0639\u0646\u0627"},"content":{"rendered":"<div  class=\"wpb_row vc_row-fluid standard-section section  section-no-parallax  stretch\" data-speed=\"1\" style=\"padding-top: 25px; padding-bottom: 25px; \"><div class=\"col span_12 color-dark left\">\n\t<div class=\"vc_col-sm-6 wpb_column column_container col no-padding color-dark\" style=\"\" data-animation=\"\" data-delay=\"\">\n\t\t<div class=\"wpb_wrapper\">\n\t\t\t<div class=\"spacer\" style=\"height: 60px;\"><\/div><h2 class=\"headline font-special fontsize-m fontweight-700 lh-16 align-left transform-uppercase\" style=\"margin: 0;\">\u0634\u0631\u0643\u0629 \u0631\u0648\u064a\u0627\u0644 \u0648\u0648\u062f \u0630.\u0645.\u0645. \u0633\u0631\u0627\u064a\u064a\u0641\u0648 <\/h2><div class=\"spacer\" style=\"height: 15px;\"><\/div>\n\t<div class=\"wpb_text_column wpb_content_element\" >\n\t\t<div class=\"wpb_wrapper\">\n\t\t\t<p style=\"text-align: justify;\" class=\" translation-block\">\u062a\u0623\u0633\u0633\u062a \u0634\u0631\u0643\u0629 \u0631\u0648\u064a\u0627\u0644 \u0648\u0648\u062f \u0630.\u0645.\u0645. \u0645\u0646 \u0642\u0628\u0644 \u0645\u062c\u0645\u0648\u0639\u0629 \u0645\u0646 \u0627\u0644\u0645\u0647\u0646\u064a\u064a\u0646 \u0627\u0644\u0645\u062a\u062d\u0645\u0633\u064a\u0646 \u0627\u0644\u0630\u064a\u0646 \u0644\u062f\u064a\u0647\u0645 \u062e\u0628\u0631\u0629 \u0645\u0647\u0646\u064a\u0629 \u0643\u0628\u064a\u0631\u0629 \u0641\u064a \u0645\u062c\u0627\u0644 \u0645\u0646\u062a\u062c\u0627\u062a \u0627\u0644\u0623\u062e\u0634\u0627\u0628 \u0648\u0627\u0644\u0628\u0646\u0627\u0621. \u0627\u0644\u0634\u0631\u0643\u0629 \u0645\u0648\u062c\u0647\u0629 \u0644\u0644\u062a\u0635\u062f\u064a\u0631\u060c \u0645\u0639 \u0639\u0645\u0644\u0627\u0621 \u0641\u064a \u062c\u0645\u064a\u0639 \u0623\u0646\u062d\u0627\u0621 \u0623\u0648\u0631\u0648\u0628\u0627 (\u0625\u064a\u0637\u0627\u0644\u064a\u0627\u060c \u0623\u0644\u0645\u0627\u0646\u064a\u0627\u060c \u0627\u0644\u0646\u0645\u0633\u0627\u060c \u0641\u0631\u0646\u0633\u0627) \u0648\u0627\u0644\u0634\u0631\u0642 \u0627\u0644\u0623\u0648\u0633\u0637 (\u0627\u0644\u0625\u0645\u0627\u0631\u0627\u062a \u0627\u0644\u0639\u0631\u0628\u064a\u0629 \u0627\u0644\u0645\u062a\u062d\u062f\u0629\u060c \u0627\u0644\u0623\u0631\u062f\u0646\u060c \u0627\u0644\u0643\u0648\u064a\u062a\u060c \u0642\u0637\u0631).<\/p>\n\n\t\t<\/div>\n\t<\/div>\n<h2 class=\"headline font-special fontsize-m fontweight-700 lh-16 align-left transform-uppercase\" style=\"margin: 0;\"><span class=\"highlight\">\u0627\u0644\u062e\u0634\u0628 \u0644\u064a\u0633 \u0641\u0642\u0637 \u0639\u0645\u0644\u0646\u0627\u060c \u0648\u0644\u0643\u0646\u0647 \u0634\u063a\u0641 \u0648\u0645\u0647\u0645\u0629!<\/span><\/h2><div class=\"spacer\" style=\"height: 15px;\"><\/div>\n\t<div class=\"wpb_text_column wpb_content_element\" >\n\t\t<div class=\"wpb_wrapper\">\n\t\t\t<p style=\"text-align: justify;\">\u0627\u0644\u0645\u0646\u062a\u062c\u0627\u062a \u0627\u0644\u062a\u064a \u0646\u0642\u062f\u0645\u0647\u0627 \u0644\u0634\u0631\u0643\u0627\u0626\u0646\u0627 \u0627\u0644\u062a\u062c\u0627\u0631\u064a\u064a\u0646 \u0647\u064a \u0646\u062a\u064a\u062c\u0629 \u0627\u0644\u0627\u062e\u062a\u064a\u0627\u0631 \u0627\u0644\u062f\u0642\u064a\u0642 \u0644\u0644\u0645\u0648\u0627\u062f \u0627\u0644\u062e\u0627\u0645\u060c \u0648\u0627\u0644\u0639\u0645\u0644\u064a\u0627\u062a \u0627\u0644\u062a\u0643\u0646\u0648\u0644\u0648\u062c\u064a\u0629 \u0627\u0644\u062a\u064a \u062a\u062a\u0645 \u0645\u0631\u0627\u0642\u0628\u062a\u0647\u0627 \u0648\u062a\u062d\u0633\u064a\u0646\u0647\u0627 \u0641\u064a \u062c\u0645\u064a\u0639 \u0627\u0644\u0645\u0631\u0627\u062d\u0644\u060c \u0648\u0633\u0644\u0633\u0644\u0629 \u062a\u0648\u0632\u064a\u0639 \u062c\u064a\u062f\u0629 \u0627\u0644\u062a\u0635\u0645\u064a\u0645 \u0628\u062d\u064a\u062b \u0644\u0627 \u064a\u0643\u0648\u0646 \u0647\u0646\u0627\u0643 \u062a\u0623\u062e\u064a\u0631 \u0641\u064a \u062a\u0633\u0644\u064a\u0645 \u0627\u0644\u0628\u0636\u0627\u0626\u0639 \u0625\u0644\u0649 \u0627\u0644\u0648\u062c\u0647\u0629 \u0627\u0644\u0646\u0647\u0627\u0626\u064a\u0629 .<\/p>\n<p style=\"text-align: justify;\">\u0645\u0639 \u0647\u0630\u0627 \u0627\u0644\u0633\u0644\u0648\u0643\u060c \u0646\u062e\u0644\u0642 \u0625\u062d\u0633\u0627\u0633\u064b\u0627 \u0642\u0648\u064a\u064b\u0627 \u0628\u0627\u0644\u0648\u0644\u0627\u0621 \u0628\u064a\u0646 \u0627\u0644\u0639\u0645\u0644\u0627\u0621.<\/p>\n\n\t\t<\/div>\n\t<\/div>\n\n\t\t<\/div> \n\t<\/div> \n\n\t<div class=\"vc_col-sm-6 wpb_column column_container col no-padding color-dark\" style=\"\" data-animation=\"\" data-delay=\"\">\n\t\t<div class=\"wpb_wrapper\">\n\t\t\t<div class=\"spacer\" style=\"height: 60px;\"><\/div><div class=\"single_image wpb_content_element align-left  image_box_border\" data-animation=\"none\" data-delay=\"0\"><img loading=\"lazy\" decoding=\"async\" width=\"800\" height=\"533\" src=\"https:\/\/royalwood.ba\/wp-content\/uploads\/2023\/01\/O-nama.jpg\" class=\"attachment-full\" alt=\"\" title=\"O-nama\" srcset=\"https:\/\/royalwood.ba\/wp-content\/uploads\/2023\/01\/O-nama.jpg 800w, https:\/\/royalwood.ba\/wp-content\/uploads\/2023\/01\/O-nama-300x200.jpg 300w, https:\/\/royalwood.ba\/wp-content\/uploads\/2023\/01\/O-nama-768x512.jpg 768w, https:\/\/royalwood.ba\/wp-content\/uploads\/2023\/01\/O-nama-18x12.jpg 18w, https:\/\/royalwood.ba\/wp-content\/uploads\/2023\/01\/O-nama-600x400.jpg 600w\" sizes=\"auto, (max-width: 800px) 100vw, 800px\" \/><\/div>\n\t\t<\/div> \n\t<\/div> \n<\/div><\/div><div id=\"features\" class=\"wpb_row vc_row-fluid standard-section section  section-no-parallax  stretch\" data-speed=\"1\" style=\"padding-top: 10px; padding-bottom: 50px; \"><div class=\"col span_12 color-dark left\">\n\t<div class=\"vc_col-sm-6 wpb_column column_container col no-padding color-dark\" style=\"\" data-animation=\"\" data-delay=\"\">\n\t\t<div class=\"wpb_wrapper\">\n\t\t\t\n\t<div class=\"wpb_text_column wpb_content_element\" >\n\t\t<div class=\"wpb_wrapper\">\n\t\t\t<h6 class=\"highlight\">\u0645\u0647\u0645\u062a\u0646\u0627<\/h6>\n<p>\u0644\u062a\u0642\u062f\u064a\u0645 \u0645\u0646\u062a\u062c\u0627\u062a \u062e\u0634\u0628\u064a\u0629 \u0639\u0627\u0644\u064a\u0629 \u0627\u0644\u062c\u0648\u062f\u0629 \u0644\u0644\u0639\u0645\u0644\u0627\u0621 \u0641\u064a \u062c\u0645\u064a\u0639 \u0623\u0646\u062d\u0627\u0621 \u0627\u0644\u0639\u0627\u0644\u0645\u060c \u0648\u0648\u0636\u0639 \u0645\u0639\u0627\u064a\u064a\u0631 \u0639\u0627\u0644\u064a\u0629 \u0633\u0648\u0627\u0621 \u0641\u064a \u0645\u062c\u0627\u0644 \u0627\u0644\u0623\u0639\u0645\u0627\u0644 \u0627\u0644\u062a\u062c\u0627\u0631\u064a\u0629 \u0623\u0648 \u0641\u064a \u0645\u062c\u0627\u0644 \u0627\u0644\u0645\u0639\u064a\u0634\u0629.<\/p>\n\n\t\t<\/div>\n\t<\/div>\n\n\t\t<\/div> \n\t<\/div> \n\n\t<div class=\"vc_col-sm-6 wpb_column column_container col no-padding color-dark\" style=\"\" data-animation=\"\" data-delay=\"\">\n\t\t<div class=\"wpb_wrapper\">\n\t\t\t\n\t<div class=\"wpb_text_column wpb_content_element\" >\n\t\t<div class=\"wpb_wrapper\">\n\t\t\t<h6 class=\"highlight\">\u0631\u0624\u064a\u062a\u0646\u0627<\/h6>\n<p>\u0623\u0646 \u0646\u0643\u0648\u0646 \u0634\u0631\u0643\u0629 \u0631\u0627\u0626\u062f\u0629 \u0641\u064a \u062a\u0648\u0631\u064a\u062f \u0627\u0644\u0645\u0646\u062a\u062c\u0627\u062a \u0627\u0644\u062e\u0634\u0628\u064a\u0629 \u0648\u0627\u0644\u0623\u062e\u0634\u0627\u0628 \u0628\u0623\u0633\u0639\u0627\u0631 \u0645\u0646\u0627\u0633\u0628\u0629 \u0648\u0631\u0636\u0627 \u0627\u0644\u0639\u0645\u0644\u0627\u0621 \u0641\u064a \u062c\u0645\u064a\u0639 \u0623\u0646\u062d\u0627\u0621 \u0627\u0644\u0639\u0627\u0644\u0645.<\/p>\n\n\t\t<\/div>\n\t<\/div>\n\n\t\t<\/div> \n\t<\/div> \n<\/div><\/div><div id=\"features\" class=\"wpb_row vc_row-fluid standard-section section  section-no-parallax  stretch\" data-speed=\"1\" style=\"padding-bottom: 50px; \"><div class=\"col span_12 color-dark left\">\n\t<div class=\"vc_col-sm-4 wpb_column column_container col no-padding color-dark\" style=\"\" data-animation=\"\" data-delay=\"\">\n\t\t<div class=\"wpb_wrapper\">\n\t\t\t<div class=\"single_image wpb_content_element align-left  image_box_border\" data-animation=\"none\" data-delay=\"0\"><img loading=\"lazy\" decoding=\"async\" width=\"800\" height=\"533\" src=\"https:\/\/royalwood.ba\/wp-content\/uploads\/2022\/11\/10.jpg\" class=\"attachment-full\" alt=\"\" title=\"10\" srcset=\"https:\/\/royalwood.ba\/wp-content\/uploads\/2022\/11\/10.jpg 800w, https:\/\/royalwood.ba\/wp-content\/uploads\/2022\/11\/10-300x200.jpg 300w, https:\/\/royalwood.ba\/wp-content\/uploads\/2022\/11\/10-768x512.jpg 768w, https:\/\/royalwood.ba\/wp-content\/uploads\/2022\/11\/10-600x400.jpg 600w\" sizes=\"auto, (max-width: 800px) 100vw, 800px\" \/><\/div>\n\t\t<\/div> \n\t<\/div> \n\n\t<div class=\"vc_col-sm-4 wpb_column column_container col no-padding color-dark\" style=\"\" data-animation=\"\" data-delay=\"\">\n\t\t<div class=\"wpb_wrapper\">\n\t\t\t<div class=\"single_image wpb_content_element align-left  image_box_border\" data-animation=\"none\" data-delay=\"0\"><img loading=\"lazy\" decoding=\"async\" width=\"800\" height=\"533\" src=\"https:\/\/royalwood.ba\/wp-content\/uploads\/2022\/11\/11.jpg\" class=\"attachment-full\" alt=\"\" title=\"11\" srcset=\"https:\/\/royalwood.ba\/wp-content\/uploads\/2022\/11\/11.jpg 800w, https:\/\/royalwood.ba\/wp-content\/uploads\/2022\/11\/11-300x200.jpg 300w, https:\/\/royalwood.ba\/wp-content\/uploads\/2022\/11\/11-768x512.jpg 768w, https:\/\/royalwood.ba\/wp-content\/uploads\/2022\/11\/11-600x400.jpg 600w\" sizes=\"auto, (max-width: 800px) 100vw, 800px\" \/><\/div>\n\t\t<\/div> \n\t<\/div> \n\n\t<div class=\"vc_col-sm-4 wpb_column column_container col no-padding color-dark\" style=\"\" data-animation=\"\" data-delay=\"\">\n\t\t<div class=\"wpb_wrapper\">\n\t\t\t<div class=\"single_image wpb_content_element align-left  image_box_border\" data-animation=\"none\" data-delay=\"0\"><img loading=\"lazy\" decoding=\"async\" width=\"800\" height=\"533\" src=\"https:\/\/royalwood.ba\/wp-content\/uploads\/2022\/11\/12.jpg\" class=\"attachment-full\" alt=\"\" title=\"12\" srcset=\"https:\/\/royalwood.ba\/wp-content\/uploads\/2022\/11\/12.jpg 800w, https:\/\/royalwood.ba\/wp-content\/uploads\/2022\/11\/12-300x200.jpg 300w, https:\/\/royalwood.ba\/wp-content\/uploads\/2022\/11\/12-768x512.jpg 768w, https:\/\/royalwood.ba\/wp-content\/uploads\/2022\/11\/12-600x400.jpg 600w\" sizes=\"auto, (max-width: 800px) 100vw, 800px\" \/><\/div>\n\t\t<\/div> \n\t<\/div> \n<\/div><\/div><div  class=\"wpb_row vc_row-fluid full-width-section section  minti-desktop-row-hide minti-tablet-landscape-row-hide minti-tablet-portrait-row-hide minti-mobile-landscape-row-hide minti-mobile-portrait-row-hide section-no-parallax  stretch\" data-speed=\"1\" style=\"\"><div class=\"col span_12 color-dark left\">\n\t<div class=\"vc_col-sm-6 wpb_column column_container col padding-7 color-dark\" style=\"background-color: #f9f9f9; \" data-animation=\"\" data-delay=\"\">\n\t\t<div class=\"wpb_wrapper\">\n\t\t\t<div class=\"headline font-special fontsize-xs fontweight-700 lh-inherit align-left transform-uppercase ls-1\" style=\"margin: 0 0 -10px 0; color: #999999;\">\u0627\u0644\u0625\u0646\u062a\u0627\u062c \u0648\u0641\u0642\u064b\u0627 \u0644\u0645\u0639\u0627\u064a\u064a\u0631 \u0645\u062c\u0644\u0633 \u0631\u0639\u0627\u064a\u0629 \u0627\u0644\u063a\u0627\u0628\u0627\u062a<\/div><h2 class=\"headline font-special fontsize-xxxl fontweight-700 lh-inherit align-left transform-uppercase\" style=\"margin: 0 0 0 0;\">\u0634\u0647\u0627\u062f\u0629 \u0645\u062c\u0644\u0633 \u0631\u0639\u0627\u064a\u0629 \u0627\u0644\u063a\u0627\u0628\u0627\u062a<\/h2><div class=\"divider divider5\" style='margin:10px 0 25px 0 !important;'><\/div>\n\t<div class=\"wpb_text_column wpb_content_element\" >\n\t\t<div class=\"wpb_wrapper\">\n\t\t\t<p style=\"text-align: justify;\" class=\" translation-block\">\u0634\u0631\u0643\u0629 \u0631\u0648\u064a\u0627\u0644 \u0648\u0648\u062f \u0630.\u0645.\u0645. \u0633\u0631\u0627\u064a\u064a\u0641\u0648 \u062d\u0627\u0635\u0644\u0629 \u0639\u0644\u0649 \u0634\u0647\u0627\u062f\u0629 \u0645\u062c\u0644\u0633 \u0631\u0639\u0627\u064a\u0629 \u0627\u0644\u063a\u0627\u0628\u0627\u062a \u0643\u062f\u0644\u064a\u0644 \u0639\u0644\u0649 \u0627\u0644\u0625\u062f\u0627\u0631\u0629 \u0627\u0644\u0645\u0633\u0624\u0648\u0644\u0629 \u0644\u0644\u063a\u0627\u0628\u0627\u062a \u0639\u0644\u0649 \u0627\u0644\u0645\u0633\u062a\u0648\u0649 \u0627\u0644\u0639\u0627\u0644\u0645\u064a. \u062a\u0645\u062b\u0644 \u0634\u0647\u0627\u062f\u0629 \u0645\u062c\u0644\u0633 \u0631\u0639\u0627\u064a\u0629 \u0627\u0644\u063a\u0627\u0628\u0627\u062a \u062a\u0623\u0643\u064a\u062f\u064b\u0627 \u0644\u0633\u0644\u0633\u0644\u0629 \u0627\u0644\u0631\u0639\u0627\u064a\u0629 \u0644\u0644\u062a\u0646\u0645\u064a\u0629 \u0627\u0644\u0645\u0633\u062a\u062f\u0627\u0645\u0629 \u0644\u0645\u0648\u0627\u0631\u062f \u0627\u0644\u063a\u0627\u0628\u0627\u062a \u0641\u064a \u0627\u0644\u0639\u0627\u0644\u0645\u060c \u0648\u0627\u0644\u0646\u0638\u0645 \u0627\u0644\u0628\u064a\u0626\u064a\u0629 \u0644\u0644\u063a\u0627\u0628\u0627\u062a\u060c \u0648\u0628\u0627\u0644\u062a\u0627\u0644\u064a \u0627\u0644\u062a\u0648\u0627\u0632\u0646 \u0627\u0644\u0628\u064a\u0626\u064a. \u062a\u062a\u0628\u0639 \u0633\u0644\u0633\u0644\u0629 \u0627\u0644\u0631\u0639\u0627\u064a\u0629 \u0627\u0644\u0645\u0648\u0627\u062f \u0627\u0644\u0645\u0639\u062a\u0645\u062f\u0629 \u0645\u0646 \u0645\u062c\u0644\u0633 \u0631\u0639\u0627\u064a\u0629 \u0627\u0644\u063a\u0627\u0628\u0627\u062a \u0645\u0646 \u062e\u0644\u0627\u0644 \u0639\u0645\u0644\u064a\u0629 \u0627\u0644\u0625\u0646\u062a\u0627\u062c \u0645\u0646 \u0627\u0644\u063a\u0627\u0628\u0629 \u0625\u0644\u0649 \u0627\u0644\u0645\u0633\u062a\u0647\u0644\u0643 \u0628\u0645\u0627 \u0641\u064a \u0630\u0644\u0643 \u062c\u0645\u064a\u0639 \u0627\u0644\u0645\u0631\u0627\u062d\u0644 \u0627\u0644\u0648\u0633\u064a\u0637\u0629 \u0648\u064a\u062c\u0628 \u0623\u0646 \u064a\u0643\u0648\u0646 \u062c\u0645\u064a\u0639 \u0627\u0644\u0645\u0627\u0644\u0643\u064a\u0646 \u0641\u064a \u0633\u0644\u0633\u0644\u0629 \u0627\u0644\u0625\u0646\u062a\u0627\u062c \u062d\u0627\u0635\u0644\u064a\u0646 \u0639\u0644\u0649 \u0634\u0647\u0627\u062f\u0629 \u0645\u062c\u0644\u0633 \u0631\u0639\u0627\u064a\u0629 \u0627\u0644\u063a\u0627\u0628\u0627\u062a \u062d\u062a\u0649 \u064a\u062a\u0645 \u062a\u0645\u064a\u064a\u0632 \u0627\u0644\u0645\u0646\u062a\u062c \u0627\u0644\u0646\u0647\u0627\u0626\u064a \u0628\u0639\u0644\u0627\u0645\u0627\u062a \u0645\u062c\u0644\u0633 \u0631\u0639\u0627\u064a\u0629 \u0627\u0644\u063a\u0627\u0628\u0627\u062a \u0627\u0644\u0645\u062d\u062f\u062f\u0629.<\/p>\n\n\t\t<\/div>\n\t<\/div>\n\n\t<div class=\"wpb_text_column wpb_content_element\" >\n\t\t<div class=\"wpb_wrapper\">\n\t\t\t<p class=\" translation-block\"><strong>ROYAL WOOD d.o.o.<\/strong><br>\r\nRustemapa\u0161ina 23\/I<br>\r\n71210 Ilid\u017ea \u2013 Sarajevo<br>\r\nBosna i Hercegovina<br>\r\nTel: +387 33 741 316<br>\r\nMob: +387 61 388 806<br>\r\nE-mail: info@royalwood.ba<\/p>\n\n\t\t<\/div>\n\t<\/div>\n\n\t\t<\/div> \n\t<\/div> \n\n\t<div class=\"vc_col-sm-6 wpb_column column_container col vertical-center padding-5 color-dark\" style=\"background-image: url(https:\/\/royalwood.ba\/wp-content\/uploads\/2022\/11\/FSCCertificate-ROYAL-WOOD-d.o-scaled.jpg); \" data-animation=\"\" data-delay=\"\">\n\t\t<div class=\"wpb_wrapper\">\n\t\t\t<div class=\"spacer\" style=\"height: 250px;\"><\/div>\n\t\t<\/div> \n\t<\/div> \n<\/div><\/div>","protected":false},"excerpt":{"rendered":"ROYAL WOOD d.o.o. Sarajevo Dru\u0161tvo Royal Wood d.o.o. je osnovala grupa profesionalaca punih entuzijazma koji posjeduju zna\u010dajno profesionalno iskustvo u oblasti drveta i gra\u0111evinskih proizvoda Dru\u0161tvo je izvozno orijentirano, sa klijentima \u0161irom Evrope (Italija, Njema\u010dka, Austrija, Francuska) i Bliskog istoka (Ujedinjeni Arapski Emirati, Jordan, Kuvajt,Katar). DRVO NIJE SAMO NA\u0160 POSAO,VE\u0106 STRAST I MISIJA ! Proizvodi koje nudimo na\u0161im poslovnim partnerima su proizvodi koji su nastali kao rezultat pa\u017eljivog odabira sirovina, tehnolo\u0161kih procesa koji se prate i unaprije\u0111uju u svim fazama, te dobro osmi\u0161ljenog lanca distribucije kako roba ne bi kasnila na krajnjoj destinaciji. Takvim pona\u0161anjem kod kupaca stvaramo jak osje\u0107aj lojalnosti. NA\u0160A MISIJA Ponuditi visoko kvalitetne proizvode od drveta za kupce \u0161irom svijeta, postavljaju\u0107i visoke standarde kako u oblasti poslovanja, tako i u oblasti \u017eivljenja. NA\u0160A VIZIJA Biti vode\u0107a kompanija u oblasti opskrbe drvetom i drvnim proizvodima, uz pristupa\u010dne cijene i zadovoljstvo kupaca \u0161irom svijeta. PROIZVODNJA U SKLADU SA FSC STANDARDIMAFSC CERIFIKAT Dru\u0161tvo Royal Wood d.o.o. Sarajevo posjeduje FSC certifikat kao dokaz odgovornog upravljanja \u0161umama na globalnom nivou.\u00a0 FSC certifikacija predstavlja potvr\u0111ivanje lanca brige za odr\u017eivi razvoj svjetskih \u0161umskih resursa, \u0161umskih ekosustava, a time i ekolo\u0161ke ravnote\u017ee. Lanac brige prati FSC certificirani materijal kroz proizvodni proces od \u0161ume do potro\u0161a\u010da [...]","protected":false},"author":2,"featured_media":0,"parent":0,"menu_order":0,"comment_status":"open","ping_status":"open","template":"","meta":{"footnotes":""},"class_list":["post-15653","page","type-page","status-publish","hentry"],"yoast_head":"<!-- This site is optimized with the Yoast SEO plugin v20.5 - https:\/\/yoast.com\/wordpress\/plugins\/seo\/ -->\n<title>O NAMA - ROYAL WOOD d.o.o. Sarajevo<\/title>\n<meta name=\"robots\" content=\"index, follow, max-snippet:-1, max-image-preview:large, max-video-preview:-1\" \/>\n<link rel=\"canonical\" href=\"https:\/\/royalwood.ba\/ar\/o-nama\/\" \/>\n<meta property=\"og:locale\" content=\"ar_AR\" \/>\n<meta property=\"og:type\" content=\"article\" \/>\n<meta property=\"og:title\" content=\"O NAMA - ROYAL WOOD d.o.o. Sarajevo\" \/>\n<meta property=\"og:url\" content=\"https:\/\/royalwood.ba\/ar\/o-nama\/\" \/>\n<meta property=\"og:site_name\" content=\"ROYAL WOOD d.o.o. Sarajevo\" \/>\n<meta property=\"article:modified_time\" content=\"2024-08-29T07:15:06+00:00\" \/>\n<meta name=\"twitter:card\" content=\"summary_large_image\" \/>\n<meta name=\"twitter:label1\" content=\"\u0648\u0642\u062a \u0627\u0644\u0642\u0631\u0627\u0621\u0629 \u0627\u0644\u0645\u064f\u0642\u062f\u0651\u0631\" \/>\n\t<meta name=\"twitter:data1\" content=\"\u062f\u0642\u064a\u0642\u062a\u0627\u0646\" \/>\n<script type=\"application\/ld+json\" class=\"yoast-schema-graph\">{\"@context\":\"https:\/\/schema.org\",\"@graph\":[{\"@type\":\"WebPage\",\"@id\":\"https:\/\/royalwood.ba\/o-nama\/\",\"url\":\"https:\/\/royalwood.ba\/o-nama\/\",\"name\":\"O NAMA - ROYAL WOOD d.o.o. Sarajevo\",\"isPartOf\":{\"@id\":\"https:\/\/royalwood.ba\/#website\"},\"datePublished\":\"2022-06-05T08:05:21+00:00\",\"dateModified\":\"2024-08-29T07:15:06+00:00\",\"breadcrumb\":{\"@id\":\"https:\/\/royalwood.ba\/o-nama\/#breadcrumb\"},\"inLanguage\":\"ar\",\"potentialAction\":[{\"@type\":\"ReadAction\",\"target\":[\"https:\/\/royalwood.ba\/o-nama\/\"]}]},{\"@type\":\"BreadcrumbList\",\"@id\":\"https:\/\/royalwood.ba\/o-nama\/#breadcrumb\",\"itemListElement\":[{\"@type\":\"ListItem\",\"position\":1,\"name\":\"Home\",\"item\":\"https:\/\/royalwood.ba\/\"},{\"@type\":\"ListItem\",\"position\":2,\"name\":\"O NAMA\"}]},{\"@type\":\"WebSite\",\"@id\":\"https:\/\/royalwood.ba\/#website\",\"url\":\"https:\/\/royalwood.ba\/\",\"name\":\"ROYAL WOOD d.o.o. Sarajevo\",\"description\":\"\",\"potentialAction\":[{\"@type\":\"SearchAction\",\"target\":{\"@type\":\"EntryPoint\",\"urlTemplate\":\"https:\/\/royalwood.ba\/?s={search_term_string}\"},\"query-input\":\"required name=search_term_string\"}],\"inLanguage\":\"ar\"}]}<\/script>\n<!-- \/ Yoast SEO plugin. -->","yoast_head_json":{"title":"O NAMA - ROYAL WOOD d.o.o. Sarajevo","robots":{"index":"index","follow":"follow","max-snippet":"max-snippet:-1","max-image-preview":"max-image-preview:large","max-video-preview":"max-video-preview:-1"},"canonical":"https:\/\/royalwood.ba\/ar\/o-nama\/","og_locale":"ar_AR","og_type":"article","og_title":"O NAMA - ROYAL WOOD d.o.o. Sarajevo","og_url":"https:\/\/royalwood.ba\/ar\/o-nama\/","og_site_name":"ROYAL WOOD d.o.o. Sarajevo","article_modified_time":"2024-08-29T07:15:06+00:00","twitter_card":"summary_large_image","twitter_misc":{"\u0648\u0642\u062a \u0627\u0644\u0642\u0631\u0627\u0621\u0629 \u0627\u0644\u0645\u064f\u0642\u062f\u0651\u0631":"\u062f\u0642\u064a\u0642\u062a\u0627\u0646"},"schema":{"@context":"https:\/\/schema.org","@graph":[{"@type":"WebPage","@id":"https:\/\/royalwood.ba\/o-nama\/","url":"https:\/\/royalwood.ba\/o-nama\/","name":"O NAMA - ROYAL WOOD d.o.o. Sarajevo","isPartOf":{"@id":"https:\/\/royalwood.ba\/#website"},"datePublished":"2022-06-05T08:05:21+00:00","dateModified":"2024-08-29T07:15:06+00:00","breadcrumb":{"@id":"https:\/\/royalwood.ba\/o-nama\/#breadcrumb"},"inLanguage":"ar","potentialAction":[{"@type":"ReadAction","target":["https:\/\/royalwood.ba\/o-nama\/"]}]},{"@type":"BreadcrumbList","@id":"https:\/\/royalwood.ba\/o-nama\/#breadcrumb","itemListElement":[{"@type":"ListItem","position":1,"name":"Home","item":"https:\/\/royalwood.ba\/"},{"@type":"ListItem","position":2,"name":"O NAMA"}]},{"@type":"WebSite","@id":"https:\/\/royalwood.ba\/#website","url":"https:\/\/royalwood.ba\/","name":"ROYAL WOOD d.o.o. Sarajevo","description":"","potentialAction":[{"@type":"SearchAction","target":{"@type":"EntryPoint","urlTemplate":"https:\/\/royalwood.ba\/?s={search_term_string}"},"query-input":"required name=search_term_string"}],"inLanguage":"ar"}]}},"_links":{"self":[{"href":"https:\/\/royalwood.ba\/ar\/wp-json\/wp\/v2\/pages\/15653","targetHints":{"allow":["GET"]}}],"collection":[{"href":"https:\/\/royalwood.ba\/ar\/wp-json\/wp\/v2\/pages"}],"about":[{"href":"https:\/\/royalwood.ba\/ar\/wp-json\/wp\/v2\/types\/page"}],"author":[{"embeddable":true,"href":"https:\/\/royalwood.ba\/ar\/wp-json\/wp\/v2\/users\/2"}],"replies":[{"embeddable":true,"href":"https:\/\/royalwood.ba\/ar\/wp-json\/wp\/v2\/comments?post=15653"}],"version-history":[{"count":3,"href":"https:\/\/royalwood.ba\/ar\/wp-json\/wp\/v2\/pages\/15653\/revisions"}],"predecessor-version":[{"id":17087,"href":"https:\/\/royalwood.ba\/ar\/wp-json\/wp\/v2\/pages\/15653\/revisions\/17087"}],"wp:attachment":[{"href":"https:\/\/royalwood.ba\/ar\/wp-json\/wp\/v2\/media?parent=15653"}],"curies":[{"name":"wp","href":"https:\/\/api.w.org\/{rel}","templated":true}]}}