{"id":15653,"date":"2022-06-05T10:05:21","date_gmt":"2022-06-05T08:05:21","guid":{"rendered":"https:\/\/royalwood.ba\/?page_id=15653"},"modified":"2024-08-29T09:15:06","modified_gmt":"2024-08-29T07:15:06","slug":"o-nama","status":"publish","type":"page","link":"https:\/\/royalwood.ba\/en\/o-nama\/","title":{"rendered":"ABOUT US"},"content":{"rendered":"<div  class=\"wpb_row vc_row-fluid standard-section section  section-no-parallax  stretch\" data-speed=\"1\" style=\"padding-top: 25px; padding-bottom: 25px; \"><div class=\"col span_12 color-dark left\">\n\t<div class=\"vc_col-sm-6 wpb_column column_container col no-padding color-dark\" style=\"\" data-animation=\"\" data-delay=\"\">\n\t\t<div class=\"wpb_wrapper\">\n\t\t\t<div class=\"spacer\" style=\"height: 60px;\"><\/div><h2 class=\"headline font-special fontsize-m fontweight-700 lh-16 align-left transform-uppercase\" style=\"margin: 0;\">ROYAL WOOD d.o.o. Sarajevo <\/h2><div class=\"spacer\" style=\"height: 15px;\"><\/div>\n\t<div class=\"wpb_text_column wpb_content_element\" >\n\t\t<div class=\"wpb_wrapper\">\n\t\t\t<p style=\"text-align: justify;\" class=\" translation-block\">Dru\u0161tvo<strong> Royal Wood d.o.o. <\/strong>je osnovala grupa profesionalaca punih entuzijazma koji posjeduju zna\u010dajno profesionalno iskustvo u oblasti drveta i gra\u0111evinskih proizvoda Dru\u0161tvo je izvozno orijentirano, sa klijentima \u0161irom Evrope (Italija, Njema\u010dka, Austrija, Francuska) i Bliskog istoka (Ujedinjeni Arapski Emirati, Jordan, Kuvajt,Katar).<\/p>\n\n\t\t<\/div>\n\t<\/div>\n<h2 class=\"headline font-special fontsize-m fontweight-700 lh-16 align-left transform-uppercase\" style=\"margin: 0;\"><span class=\"highlight\">WOOD IS NOT JUST OUR BUSINESS, BUT A PASSION AND MISSION!<\/span><\/h2><div class=\"spacer\" style=\"height: 15px;\"><\/div>\n\t<div class=\"wpb_text_column wpb_content_element\" >\n\t\t<div class=\"wpb_wrapper\">\n\t\t\t<p style=\"text-align: justify;\">The products we offer to our business partners are the result of a careful selection of raw materials, technological processes that are monitored and improved at all stages, and a well-designed distribution chain so there is no delay in delivery of goods to the final destination.<\/p>\n<p style=\"text-align: justify;\">With such behavior, we create a strong sense of loyalty among customers.<\/p>\n\n\t\t<\/div>\n\t<\/div>\n\n\t\t<\/div> \n\t<\/div> \n\n\t<div class=\"vc_col-sm-6 wpb_column column_container col no-padding color-dark\" style=\"\" data-animation=\"\" data-delay=\"\">\n\t\t<div class=\"wpb_wrapper\">\n\t\t\t<div class=\"spacer\" style=\"height: 60px;\"><\/div><div class=\"single_image wpb_content_element align-left  image_box_border\" data-animation=\"none\" data-delay=\"0\"><img loading=\"lazy\" decoding=\"async\" width=\"800\" height=\"533\" src=\"https:\/\/royalwood.ba\/wp-content\/uploads\/2023\/01\/O-nama.jpg\" class=\"attachment-full\" alt=\"\" title=\"O-nama\" srcset=\"https:\/\/royalwood.ba\/wp-content\/uploads\/2023\/01\/O-nama.jpg 800w, https:\/\/royalwood.ba\/wp-content\/uploads\/2023\/01\/O-nama-300x200.jpg 300w, https:\/\/royalwood.ba\/wp-content\/uploads\/2023\/01\/O-nama-768x512.jpg 768w, https:\/\/royalwood.ba\/wp-content\/uploads\/2023\/01\/O-nama-18x12.jpg 18w, https:\/\/royalwood.ba\/wp-content\/uploads\/2023\/01\/O-nama-600x400.jpg 600w\" sizes=\"auto, (max-width: 800px) 100vw, 800px\" \/><\/div>\n\t\t<\/div> \n\t<\/div> \n<\/div><\/div><div id=\"features\" class=\"wpb_row vc_row-fluid standard-section section  section-no-parallax  stretch\" data-speed=\"1\" style=\"padding-top: 10px; padding-bottom: 50px; \"><div class=\"col span_12 color-dark left\">\n\t<div class=\"vc_col-sm-6 wpb_column column_container col no-padding color-dark\" style=\"\" data-animation=\"\" data-delay=\"\">\n\t\t<div class=\"wpb_wrapper\">\n\t\t\t\n\t<div class=\"wpb_text_column wpb_content_element\" >\n\t\t<div class=\"wpb_wrapper\">\n\t\t\t<h6 class=\"highlight\">OUR MISSION<\/h6>\n<p>To offer high-quality wood products to customers around the world, setting high standards both in the field of business and in the field of living.<\/p>\n\n\t\t<\/div>\n\t<\/div>\n\n\t\t<\/div> \n\t<\/div> \n\n\t<div class=\"vc_col-sm-6 wpb_column column_container col no-padding color-dark\" style=\"\" data-animation=\"\" data-delay=\"\">\n\t\t<div class=\"wpb_wrapper\">\n\t\t\t\n\t<div class=\"wpb_text_column wpb_content_element\" >\n\t\t<div class=\"wpb_wrapper\">\n\t\t\t<h6 class=\"highlight\">OUR VISION<\/h6>\n<p>To be a leading company in the supply of wood and wood products, with affordable prices and customer satisfaction worldwide.<\/p>\n\n\t\t<\/div>\n\t<\/div>\n\n\t\t<\/div> \n\t<\/div> \n<\/div><\/div><div id=\"features\" class=\"wpb_row vc_row-fluid standard-section section  section-no-parallax  stretch\" data-speed=\"1\" style=\"padding-bottom: 50px; \"><div class=\"col span_12 color-dark left\">\n\t<div class=\"vc_col-sm-4 wpb_column column_container col no-padding color-dark\" style=\"\" data-animation=\"\" data-delay=\"\">\n\t\t<div class=\"wpb_wrapper\">\n\t\t\t<div class=\"single_image wpb_content_element align-left  image_box_border\" data-animation=\"none\" data-delay=\"0\"><img loading=\"lazy\" decoding=\"async\" width=\"800\" height=\"533\" src=\"https:\/\/royalwood.ba\/wp-content\/uploads\/2022\/11\/10.jpg\" class=\"attachment-full\" alt=\"\" title=\"10\" srcset=\"https:\/\/royalwood.ba\/wp-content\/uploads\/2022\/11\/10.jpg 800w, https:\/\/royalwood.ba\/wp-content\/uploads\/2022\/11\/10-300x200.jpg 300w, https:\/\/royalwood.ba\/wp-content\/uploads\/2022\/11\/10-768x512.jpg 768w, https:\/\/royalwood.ba\/wp-content\/uploads\/2022\/11\/10-600x400.jpg 600w\" sizes=\"auto, (max-width: 800px) 100vw, 800px\" \/><\/div>\n\t\t<\/div> \n\t<\/div> \n\n\t<div class=\"vc_col-sm-4 wpb_column column_container col no-padding color-dark\" style=\"\" data-animation=\"\" data-delay=\"\">\n\t\t<div class=\"wpb_wrapper\">\n\t\t\t<div class=\"single_image wpb_content_element align-left  image_box_border\" data-animation=\"none\" data-delay=\"0\"><img loading=\"lazy\" decoding=\"async\" width=\"800\" height=\"533\" src=\"https:\/\/royalwood.ba\/wp-content\/uploads\/2022\/11\/11.jpg\" class=\"attachment-full\" alt=\"\" title=\"11\" srcset=\"https:\/\/royalwood.ba\/wp-content\/uploads\/2022\/11\/11.jpg 800w, https:\/\/royalwood.ba\/wp-content\/uploads\/2022\/11\/11-300x200.jpg 300w, https:\/\/royalwood.ba\/wp-content\/uploads\/2022\/11\/11-768x512.jpg 768w, https:\/\/royalwood.ba\/wp-content\/uploads\/2022\/11\/11-600x400.jpg 600w\" sizes=\"auto, (max-width: 800px) 100vw, 800px\" \/><\/div>\n\t\t<\/div> \n\t<\/div> \n\n\t<div class=\"vc_col-sm-4 wpb_column column_container col no-padding color-dark\" style=\"\" data-animation=\"\" data-delay=\"\">\n\t\t<div class=\"wpb_wrapper\">\n\t\t\t<div class=\"single_image wpb_content_element align-left  image_box_border\" data-animation=\"none\" data-delay=\"0\"><img loading=\"lazy\" decoding=\"async\" width=\"800\" height=\"533\" src=\"https:\/\/royalwood.ba\/wp-content\/uploads\/2022\/11\/12.jpg\" class=\"attachment-full\" alt=\"\" title=\"12\" srcset=\"https:\/\/royalwood.ba\/wp-content\/uploads\/2022\/11\/12.jpg 800w, https:\/\/royalwood.ba\/wp-content\/uploads\/2022\/11\/12-300x200.jpg 300w, https:\/\/royalwood.ba\/wp-content\/uploads\/2022\/11\/12-768x512.jpg 768w, https:\/\/royalwood.ba\/wp-content\/uploads\/2022\/11\/12-600x400.jpg 600w\" sizes=\"auto, (max-width: 800px) 100vw, 800px\" \/><\/div>\n\t\t<\/div> \n\t<\/div> \n<\/div><\/div><div  class=\"wpb_row vc_row-fluid full-width-section section  minti-desktop-row-hide minti-tablet-landscape-row-hide minti-tablet-portrait-row-hide minti-mobile-landscape-row-hide minti-mobile-portrait-row-hide section-no-parallax  stretch\" data-speed=\"1\" style=\"\"><div class=\"col span_12 color-dark left\">\n\t<div class=\"vc_col-sm-6 wpb_column column_container col padding-7 color-dark\" style=\"background-color: #f9f9f9; \" data-animation=\"\" data-delay=\"\">\n\t\t<div class=\"wpb_wrapper\">\n\t\t\t<div class=\"headline font-special fontsize-xs fontweight-700 lh-inherit align-left transform-uppercase ls-1\" style=\"margin: 0 0 -10px 0; color: #999999;\">PRODUCTION IN ACCORDANCE WITH FSC STANDARDS<\/div><h2 class=\"headline font-special fontsize-xxxl fontweight-700 lh-inherit align-left transform-uppercase\" style=\"margin: 0 0 0 0;\">FSC CERTIFICATE<\/h2><div class=\"divider divider5\" style='margin:10px 0 25px 0 !important;'><\/div>\n\t<div class=\"wpb_text_column wpb_content_element\" >\n\t\t<div class=\"wpb_wrapper\">\n\t\t\t<p style=\"text-align: justify;\" class=\" translation-block\">Company <strong>Royal Wood d.o.o. Sarajevo <\/strong>has an FSC certificate as proof of responsible forest management on a global level. <strong> FSC certification<\/strong> represents the confirmation of the chain of care for the sustainable development of the world's forest resources, forest ecosystems, and thus the ecological balance. The chain of care follows the <strong>FSC certified material <\/strong>through the production process from the forest to the consumer including all intermediate stages and all owners in the production chain must be FSC certified in order for the final product to be marked with the prescribed FSC marks.<\/p>\n\n\t\t<\/div>\n\t<\/div>\n\n\t<div class=\"wpb_text_column wpb_content_element\" >\n\t\t<div class=\"wpb_wrapper\">\n\t\t\t<p class=\" translation-block\"><strong>ROYAL WOOD d.o.o.<\/strong><br>\r\nRustemapa\u0161ina 23\/I<br>\r\n71210 Ilid\u017ea \u2013 Sarajevo<br>\r\nBosna i Hercegovina<br>\r\nTel: +387 33 741 316<br>\r\nMob: +387 61 388 806<br>\r\nE-mail: info@royalwood.ba<\/p>\n\n\t\t<\/div>\n\t<\/div>\n\n\t\t<\/div> \n\t<\/div> \n\n\t<div class=\"vc_col-sm-6 wpb_column column_container col vertical-center padding-5 color-dark\" style=\"background-image: url(https:\/\/royalwood.ba\/wp-content\/uploads\/2022\/11\/FSCCertificate-ROYAL-WOOD-d.o-scaled.jpg); \" data-animation=\"\" data-delay=\"\">\n\t\t<div class=\"wpb_wrapper\">\n\t\t\t<div class=\"spacer\" style=\"height: 250px;\"><\/div>\n\t\t<\/div> \n\t<\/div> \n<\/div><\/div>","protected":false},"excerpt":{"rendered":"ROYAL WOOD d.o.o. Sarajevo Dru\u0161tvo Royal Wood d.o.o. je osnovala grupa profesionalaca punih entuzijazma koji posjeduju zna\u010dajno profesionalno iskustvo u oblasti drveta i gra\u0111evinskih proizvoda Dru\u0161tvo je izvozno orijentirano, sa klijentima \u0161irom Evrope (Italija, Njema\u010dka, Austrija, Francuska) i Bliskog istoka (Ujedinjeni Arapski Emirati, Jordan, Kuvajt,Katar). DRVO NIJE SAMO NA\u0160 POSAO,VE\u0106 STRAST I MISIJA ! Proizvodi koje nudimo na\u0161im poslovnim partnerima su proizvodi koji su nastali kao rezultat pa\u017eljivog odabira sirovina, tehnolo\u0161kih procesa koji se prate i unaprije\u0111uju u svim fazama, te dobro osmi\u0161ljenog lanca distribucije kako roba ne bi kasnila na krajnjoj destinaciji. Takvim pona\u0161anjem kod kupaca stvaramo jak osje\u0107aj lojalnosti. NA\u0160A MISIJA Ponuditi visoko kvalitetne proizvode od drveta za kupce \u0161irom svijeta, postavljaju\u0107i visoke standarde kako u oblasti poslovanja, tako i u oblasti \u017eivljenja. NA\u0160A VIZIJA Biti vode\u0107a kompanija u oblasti opskrbe drvetom i drvnim proizvodima, uz pristupa\u010dne cijene i zadovoljstvo kupaca \u0161irom svijeta. PROIZVODNJA U SKLADU SA FSC STANDARDIMAFSC CERIFIKAT Dru\u0161tvo Royal Wood d.o.o. Sarajevo posjeduje FSC certifikat kao dokaz odgovornog upravljanja \u0161umama na globalnom nivou.\u00a0 FSC certifikacija predstavlja potvr\u0111ivanje lanca brige za odr\u017eivi razvoj svjetskih \u0161umskih resursa, \u0161umskih ekosustava, a time i ekolo\u0161ke ravnote\u017ee. Lanac brige prati FSC certificirani materijal kroz proizvodni proces od \u0161ume do potro\u0161a\u010da [...]","protected":false},"author":2,"featured_media":0,"parent":0,"menu_order":0,"comment_status":"open","ping_status":"open","template":"","meta":{"footnotes":""},"class_list":["post-15653","page","type-page","status-publish","hentry"],"yoast_head":"<!-- This site is optimized with the Yoast SEO plugin v20.5 - https:\/\/yoast.com\/wordpress\/plugins\/seo\/ -->\n<title>O NAMA - ROYAL WOOD d.o.o. Sarajevo<\/title>\n<meta name=\"robots\" content=\"index, follow, max-snippet:-1, max-image-preview:large, max-video-preview:-1\" \/>\n<link rel=\"canonical\" href=\"https:\/\/royalwood.ba\/en\/o-nama\/\" \/>\n<meta property=\"og:locale\" content=\"en_GB\" \/>\n<meta property=\"og:type\" content=\"article\" \/>\n<meta property=\"og:title\" content=\"O NAMA - ROYAL WOOD d.o.o. Sarajevo\" \/>\n<meta property=\"og:url\" content=\"https:\/\/royalwood.ba\/en\/o-nama\/\" \/>\n<meta property=\"og:site_name\" content=\"ROYAL WOOD d.o.o. Sarajevo\" \/>\n<meta property=\"article:modified_time\" content=\"2024-08-29T07:15:06+00:00\" \/>\n<meta name=\"twitter:card\" content=\"summary_large_image\" \/>\n<meta name=\"twitter:label1\" content=\"Estimated reading time\" \/>\n\t<meta name=\"twitter:data1\" content=\"2 minutes\" \/>\n<script type=\"application\/ld+json\" class=\"yoast-schema-graph\">{\"@context\":\"https:\/\/schema.org\",\"@graph\":[{\"@type\":\"WebPage\",\"@id\":\"https:\/\/royalwood.ba\/o-nama\/\",\"url\":\"https:\/\/royalwood.ba\/o-nama\/\",\"name\":\"O NAMA - ROYAL WOOD d.o.o. Sarajevo\",\"isPartOf\":{\"@id\":\"https:\/\/royalwood.ba\/#website\"},\"datePublished\":\"2022-06-05T08:05:21+00:00\",\"dateModified\":\"2024-08-29T07:15:06+00:00\",\"breadcrumb\":{\"@id\":\"https:\/\/royalwood.ba\/o-nama\/#breadcrumb\"},\"inLanguage\":\"en-GB\",\"potentialAction\":[{\"@type\":\"ReadAction\",\"target\":[\"https:\/\/royalwood.ba\/o-nama\/\"]}]},{\"@type\":\"BreadcrumbList\",\"@id\":\"https:\/\/royalwood.ba\/o-nama\/#breadcrumb\",\"itemListElement\":[{\"@type\":\"ListItem\",\"position\":1,\"name\":\"Home\",\"item\":\"https:\/\/royalwood.ba\/\"},{\"@type\":\"ListItem\",\"position\":2,\"name\":\"O NAMA\"}]},{\"@type\":\"WebSite\",\"@id\":\"https:\/\/royalwood.ba\/#website\",\"url\":\"https:\/\/royalwood.ba\/\",\"name\":\"ROYAL WOOD d.o.o. Sarajevo\",\"description\":\"\",\"potentialAction\":[{\"@type\":\"SearchAction\",\"target\":{\"@type\":\"EntryPoint\",\"urlTemplate\":\"https:\/\/royalwood.ba\/?s={search_term_string}\"},\"query-input\":\"required name=search_term_string\"}],\"inLanguage\":\"en-GB\"}]}<\/script>\n<!-- \/ Yoast SEO plugin. -->","yoast_head_json":{"title":"O NAMA - ROYAL WOOD d.o.o. Sarajevo","robots":{"index":"index","follow":"follow","max-snippet":"max-snippet:-1","max-image-preview":"max-image-preview:large","max-video-preview":"max-video-preview:-1"},"canonical":"https:\/\/royalwood.ba\/en\/o-nama\/","og_locale":"en_GB","og_type":"article","og_title":"O NAMA - ROYAL WOOD d.o.o. Sarajevo","og_url":"https:\/\/royalwood.ba\/en\/o-nama\/","og_site_name":"ROYAL WOOD d.o.o. Sarajevo","article_modified_time":"2024-08-29T07:15:06+00:00","twitter_card":"summary_large_image","twitter_misc":{"Estimated reading time":"2 minutes"},"schema":{"@context":"https:\/\/schema.org","@graph":[{"@type":"WebPage","@id":"https:\/\/royalwood.ba\/o-nama\/","url":"https:\/\/royalwood.ba\/o-nama\/","name":"O NAMA - ROYAL WOOD d.o.o. Sarajevo","isPartOf":{"@id":"https:\/\/royalwood.ba\/#website"},"datePublished":"2022-06-05T08:05:21+00:00","dateModified":"2024-08-29T07:15:06+00:00","breadcrumb":{"@id":"https:\/\/royalwood.ba\/o-nama\/#breadcrumb"},"inLanguage":"en-GB","potentialAction":[{"@type":"ReadAction","target":["https:\/\/royalwood.ba\/o-nama\/"]}]},{"@type":"BreadcrumbList","@id":"https:\/\/royalwood.ba\/o-nama\/#breadcrumb","itemListElement":[{"@type":"ListItem","position":1,"name":"Home","item":"https:\/\/royalwood.ba\/"},{"@type":"ListItem","position":2,"name":"O NAMA"}]},{"@type":"WebSite","@id":"https:\/\/royalwood.ba\/#website","url":"https:\/\/royalwood.ba\/","name":"ROYAL WOOD d.o.o. Sarajevo","description":"","potentialAction":[{"@type":"SearchAction","target":{"@type":"EntryPoint","urlTemplate":"https:\/\/royalwood.ba\/?s={search_term_string}"},"query-input":"required name=search_term_string"}],"inLanguage":"en-GB"}]}},"_links":{"self":[{"href":"https:\/\/royalwood.ba\/en\/wp-json\/wp\/v2\/pages\/15653","targetHints":{"allow":["GET"]}}],"collection":[{"href":"https:\/\/royalwood.ba\/en\/wp-json\/wp\/v2\/pages"}],"about":[{"href":"https:\/\/royalwood.ba\/en\/wp-json\/wp\/v2\/types\/page"}],"author":[{"embeddable":true,"href":"https:\/\/royalwood.ba\/en\/wp-json\/wp\/v2\/users\/2"}],"replies":[{"embeddable":true,"href":"https:\/\/royalwood.ba\/en\/wp-json\/wp\/v2\/comments?post=15653"}],"version-history":[{"count":3,"href":"https:\/\/royalwood.ba\/en\/wp-json\/wp\/v2\/pages\/15653\/revisions"}],"predecessor-version":[{"id":17087,"href":"https:\/\/royalwood.ba\/en\/wp-json\/wp\/v2\/pages\/15653\/revisions\/17087"}],"wp:attachment":[{"href":"https:\/\/royalwood.ba\/en\/wp-json\/wp\/v2\/media?parent=15653"}],"curies":[{"name":"wp","href":"https:\/\/api.w.org\/{rel}","templated":true}]}}