{"id":16283,"date":"2014-03-19T09:24:31","date_gmt":"2014-03-19T09:24:31","guid":{"rendered":"http:\/\/localhost:8888\/themes\/ventory\/?page_id=5050"},"modified":"2023-01-08T11:27:36","modified_gmt":"2023-01-08T10:27:36","slug":"kontakt","status":"publish","type":"page","link":"https:\/\/royalwood.ba\/fr\/kontakt\/","title":{"rendered":"Contactez-nous"},"content":{"rendered":"<div  class=\"wpb_row vc_row-fluid standard-section section  section-no-parallax  stretch\" data-speed=\"1\" style=\"padding-top: 60px; \"><div class=\"col span_12 color-dark left\"><script type=\"text\/javascript\" src=\"\/\/maps.google.com\/maps\/api\/js?key=AIzaSyBB4R78vFTQ5YZa8UlyAm36uNuuIKlsdSA&amp;callback=rgmkInitGoogleMaps\" id=\"google-maps-api-js\"><\/script>\n\n\t<div class=\"vc_col-sm-12 wpb_column column_container col no-padding color-dark\" style=\"\" data-animation=\"\" data-delay=\"\">\n\t\t<div class=\"wpb_wrapper\">\n\t\t\t<div id=\"map1\" style=\"height:400px;\" class=\"google_map full wpb_content_element\"><\/div>\n    <script type=\"text\/javascript\">\n\n\t\tvar latlng = new google.maps.LatLng(43.83076151867262, 18.30650604043975);\n\t\tvar myOptions = {\n\t\t\tzoom: 16,\n\t\t\tcenter: latlng,\n\t\t\tscrollwheel: false,\n\t\t\tdisableDefaultUI: false,\n\t\t\tscaleControl: false,\n\t\t\t\/\/ mapTypeControl: false,\n\t\t\t\/\/rotateControl: false,\n\t\t\tpanControl: false,\n\t\t    \/\/scaleControl: false,\n\t\t    streetViewControl: false,\n\t\t    styles: [{\"featureType\":\"water\",\"elementType\":\"geometry\",\"stylers\":[{\"color\":\"#e9e9e9\"},{\"lightness\":17}]},{\"featureType\":\"landscape\",\"elementType\":\"geometry\",\"stylers\":[{\"color\":\"#f5f5f5\"},{\"lightness\":20}]},{\"featureType\":\"road.highway\",\"elementType\":\"geometry.fill\",\"stylers\":[{\"color\":\"#ffffff\"},{\"lightness\":17}]},{\"featureType\":\"road.highway\",\"elementType\":\"geometry.stroke\",\"stylers\":[{\"color\":\"#ffffff\"},{\"lightness\":29},{\"weight\":0.2}]},{\"featureType\":\"road.arterial\",\"elementType\":\"geometry\",\"stylers\":[{\"color\":\"#ffffff\"},{\"lightness\":18}]},{\"featureType\":\"road.local\",\"elementType\":\"geometry\",\"stylers\":[{\"color\":\"#ffffff\"},{\"lightness\":16}]},{\"featureType\":\"poi\",\"elementType\":\"geometry\",\"stylers\":[{\"color\":\"#f5f5f5\"},{\"lightness\":21}]},{\"featureType\":\"poi.park\",\"elementType\":\"geometry\",\"stylers\":[{\"color\":\"#dedede\"},{\"lightness\":21}]},{\"elementType\":\"labels.text.stroke\",\"stylers\":[{\"visibility\":\"on\"},{\"color\":\"#ffffff\"},{\"lightness\":16}]},{\"elementType\":\"labels.text.fill\",\"stylers\":[{\"saturation\":36},{\"color\":\"#333333\"},{\"lightness\":40}]},{\"elementType\":\"labels.icon\",\"stylers\":[{\"visibility\":\"off\"}]},{\"featureType\":\"transit\",\"elementType\":\"geometry\",\"stylers\":[{\"color\":\"#f2f2f2\"},{\"lightness\":19}]},{\"featureType\":\"administrative\",\"elementType\":\"geometry.fill\",\"stylers\":[{\"color\":\"#fefefe\"},{\"lightness\":20}]},{\"featureType\":\"administrative\",\"elementType\":\"geometry.stroke\",\"stylers\":[{\"color\":\"#fefefe\"},{\"lightness\":17},{\"weight\":1.2}]}],\n  \t\t\t\/\/overviewMapControl: false,\n\t\t\tmapTypeId: google.maps.MapTypeId.ROADMAP\n\t\t};\n\t\tvar map1 = new google.maps.Map(document.getElementById(\"map1\"),\n\t\tmyOptions);\n\t\t\n\t\t    var geocoder_map1 = new google.maps.Geocoder();\n\t\t\tvar address = 'Rustem-pa\u0161ina 23, Ilid\u017ea';\n\t\t\tgeocoder_map1.geocode( { 'address': address}, function(results, status) {\n\t\t\t\tif (status == google.maps.GeocoderStatus.OK) {\n\t\t\t\t\tmap1.setCenter(results[0].geometry.location);\n\t\t\t\t\tvar image = \"https:\/\/royalwood.ba\/wp-content\/uploads\/2023\/01\/Marker.png\";\n\t\t\t\t\t\tvar marker = new google.maps.Marker({\n\t\t\t\t\t\t\tmap: map1, \n\t\t\t\t\t\t\ticon: image,\n\t\t\t\t\t\t\tposition: map1.getCenter()\n\t\t\t\t\t\t});\n\t\t\t\t\t\t\n\t\t\t\t\t\t\tvar contentString = '<strong>ROYAL WOOD D.O.O. SARAJEVO<\/strong><br \/>Rustemapa\u0161ina 23\/I<br \/>Sarajevo';\n\t\t\t\t\t\t\tvar infowindow = new google.maps.InfoWindow({\n\t\t\t\t\t\t\t\tcontent: contentString\n\t\t\t\t\t\t\t});\n\t\t\t\t\t\t\t\t\t\t\n\t\t\t\t\t\t\tgoogle.maps.event.addListener(marker, 'click', function() {\n\t\t\t\t\t\t\t  infowindow.open(map1,marker);\n\t\t\t\t\t\t\t});\n\t\t\t\t\t\t\t\n\t\t\t\t} else {\n\t\t\t\talert(\"Geocode was not successful for the following reason: \" + status);\n\t\t\t}\n\t\t\t});\n\t\t\t\n\t\tjQuery(document).ready(function($){\n\t\t\t$(\".wpb_accordion_section, .wpb_tabs\").click(function(){\n\t        \tvar center = map1.getCenter();\n\t       \t\tgoogle.maps.event.trigger(map1, \"resize\"); \n\t        \tmap1.setCenter(center);\n\t    \t});\n\t\t});<\/script>\n\t\t<\/div> \n\t<\/div> \n<\/div><\/div><div  class=\"wpb_row vc_row-fluid standard-section section  section-no-parallax  stretch\" data-speed=\"1\" style=\"background-color: #ffffff; padding-top: 60px; padding-bottom: 25px; \"><div class=\"col span_12 color-dark left\">\n\t<div class=\"vc_col-sm-8 wpb_column column_container col no-padding color-dark\" style=\"\" data-animation=\"\" data-delay=\"\">\n\t\t<div class=\"wpb_wrapper\">\n\t\t\t<h3 class=\"headline font-special fontsize-m fontweight-700 lh-inherit align-left transform-uppercase\" style=\"margin: 0 0 20px 0;\">Contactez-nous<\/h3>\n<div class=\"wpcf7 no-js\" id=\"wpcf7-f12-o1\" lang=\"bs-BA\" dir=\"ltr\">\n<div class=\"screen-reader-response\"><p role=\"status\" aria-live=\"polite\" aria-atomic=\"true\"><\/p> <ul><\/ul><\/div>\n<form action=\"\/fr\/wp-json\/wp\/v2\/pages\/16283#wpcf7-f12-o1\" method=\"post\" class=\"wpcf7-form init\" aria-label=\"Kontakt obrazac\" novalidate=\"novalidate\" data-status=\"init\" data-trp-original-action=\"\/fr\/wp-json\/wp\/v2\/pages\/16283#wpcf7-f12-o1\">\n<div style=\"display: none;\">\n<input type=\"hidden\" name=\"_wpcf7\" value=\"12\" \/>\n<input type=\"hidden\" name=\"_wpcf7_version\" value=\"5.7.6\" \/>\n<input type=\"hidden\" name=\"_wpcf7_locale\" value=\"bs_BA\" \/>\n<input type=\"hidden\" name=\"_wpcf7_unit_tag\" value=\"wpcf7-f12-o1\" \/>\n<input type=\"hidden\" name=\"_wpcf7_container_post\" value=\"0\" \/>\n<input type=\"hidden\" name=\"_wpcf7_posted_data_hash\" value=\"\" \/>\n<\/div>\n<p><label> Votre nom<br \/>\n<span class=\"wpcf7-form-control-wrap\" data-name=\"your-name\"><input size=\"40\" class=\"wpcf7-form-control wpcf7-text wpcf7-validates-as-required\" aria-required=\"true\" aria-invalid=\"false\" value=\"\" type=\"text\" name=\"your-name\" \/><\/span> <\/label>\n<\/p>\n<p><label>Votre courriel<br \/>\n<span class=\"wpcf7-form-control-wrap\" data-name=\"your-email\"><input size=\"40\" class=\"wpcf7-form-control wpcf7-text wpcf7-email wpcf7-validates-as-required wpcf7-validates-as-email\" aria-required=\"true\" aria-invalid=\"false\" value=\"\" type=\"email\" name=\"your-email\" \/><\/span> <\/label>\n<\/p>\n<p><label> Votre num\u00e9ro de t\u00e9l\u00e9phone<br \/>\n<span class=\"wpcf7-form-control-wrap\" data-name=\"your-subject\"><input size=\"40\" class=\"wpcf7-form-control wpcf7-text wpcf7-validates-as-required\" aria-required=\"true\" aria-invalid=\"false\" value=\"\" type=\"text\" name=\"your-subject\" \/><\/span> <\/label>\n<\/p>\n<p><label> Votre message<br \/>\n<span class=\"wpcf7-form-control-wrap\" data-name=\"your-message\"><textarea cols=\"40\" rows=\"10\" class=\"wpcf7-form-control wpcf7-textarea\" aria-invalid=\"false\" name=\"your-message\"><\/textarea><\/span> <\/label>\n<\/p>\n<p><input class=\"wpcf7-form-control has-spinner wpcf7-submit\" type=\"submit\" value=\"Envoi en cours\" \/>\n<\/p><div class=\"wpcf7-response-output\" aria-hidden=\"true\"><\/div>\n<input type=\"hidden\" name=\"trp-form-language\" value=\"fr\"\/><\/form>\n<\/div>\n\n\t\t<\/div> \n\t<\/div> \n\n\t<div class=\"vc_col-sm-4 wpb_column column_container col no-padding color-dark\" style=\"\" data-animation=\"\" data-delay=\"\">\n\t\t<div class=\"wpb_wrapper\">\n\t\t\t<h3 class=\"headline font-special fontsize-m fontweight-700 lh-inherit align-left transform-uppercase\" style=\"margin: 0 0 20px 0;\">CONTACTEZ-NOUS<\/h3>\n\t<div class=\"wpb_text_column wpb_content_element\" >\n\t\t<div class=\"wpb_wrapper\">\n\t\t\t<h4>ROYAL WOOD D.O.O. SARAJEVO (SARL)<\/h4>\n<p class=\" translation-block\"><strong>Adresse :<\/strong> Rustempa\u0161ina 23\/I Sarajevo<br>\n<strong>T\u00e9l. bureau : <\/strong>+387 33 741 316<br>\n<strong>T\u00e9l. mob. :<\/strong> +387 61 388 806<br>\n<strong>Courriel :<\/strong> info@royalwood.ba<br>\n<strong>Site web : <\/strong>www.royalwood.ba<br>\n<strong>Num\u00e9ro d\u2019identification : <\/strong>4203047150003<\/p>\n\n\t\t<\/div>\n\t<\/div>\n\n\t\t<\/div> \n\t<\/div> \n<\/div><\/div><div class=\"section-triangle\"><div class=\"section-triangle-color\" style=\"border-color: #ffffff transparent transparent transparent;\"><\/div><\/div>","protected":false},"excerpt":{"rendered":"Kontakt forma Va\u0161e ime Va\u0161 email Kontakt telefon Poruka Kontakt podaci ROYAL WOOD D.O.O. SARAJEVO Adresa: Rustemapa\u0161ina 23\/I Sarajevo Telefon: +387 33 741 316 Mobitel: +387 61 388 806 Email: info@royalwood.ba Web: www.royalwood.ba ID broj:\u00a04203047150003","protected":false},"author":2,"featured_media":0,"parent":0,"menu_order":0,"comment_status":"open","ping_status":"open","template":"","meta":{"footnotes":""},"class_list":["post-16283","page","type-page","status-publish","hentry"],"yoast_head":"<!-- This site is optimized with the Yoast SEO plugin v20.5 - https:\/\/yoast.com\/wordpress\/plugins\/seo\/ -->\n<title>KONTAKT - ROYAL WOOD d.o.o. Sarajevo<\/title>\n<meta name=\"robots\" content=\"index, follow, max-snippet:-1, max-image-preview:large, max-video-preview:-1\" \/>\n<link rel=\"canonical\" href=\"https:\/\/royalwood.ba\/fr\/kontakt\/\" \/>\n<meta property=\"og:locale\" content=\"fr_FR\" \/>\n<meta property=\"og:type\" content=\"article\" \/>\n<meta property=\"og:title\" content=\"KONTAKT - ROYAL WOOD d.o.o. Sarajevo\" \/>\n<meta property=\"og:url\" content=\"https:\/\/royalwood.ba\/fr\/kontakt\/\" \/>\n<meta property=\"og:site_name\" content=\"ROYAL WOOD d.o.o. Sarajevo\" \/>\n<meta property=\"article:modified_time\" content=\"2023-01-08T10:27:36+00:00\" \/>\n<meta name=\"twitter:card\" content=\"summary_large_image\" \/>\n<meta name=\"twitter:label1\" content=\"Dur\u00e9e de lecture estim\u00e9e\" \/>\n\t<meta name=\"twitter:data1\" content=\"1 minute\" \/>\n<script type=\"application\/ld+json\" class=\"yoast-schema-graph\">{\"@context\":\"https:\/\/schema.org\",\"@graph\":[{\"@type\":\"WebPage\",\"@id\":\"https:\/\/royalwood.ba\/kontakt\/\",\"url\":\"https:\/\/royalwood.ba\/kontakt\/\",\"name\":\"KONTAKT - ROYAL WOOD d.o.o. Sarajevo\",\"isPartOf\":{\"@id\":\"https:\/\/royalwood.ba\/#website\"},\"datePublished\":\"2014-03-19T09:24:31+00:00\",\"dateModified\":\"2023-01-08T10:27:36+00:00\",\"breadcrumb\":{\"@id\":\"https:\/\/royalwood.ba\/kontakt\/#breadcrumb\"},\"inLanguage\":\"fr-FR\",\"potentialAction\":[{\"@type\":\"ReadAction\",\"target\":[\"https:\/\/royalwood.ba\/kontakt\/\"]}]},{\"@type\":\"BreadcrumbList\",\"@id\":\"https:\/\/royalwood.ba\/kontakt\/#breadcrumb\",\"itemListElement\":[{\"@type\":\"ListItem\",\"position\":1,\"name\":\"Home\",\"item\":\"https:\/\/royalwood.ba\/\"},{\"@type\":\"ListItem\",\"position\":2,\"name\":\"KONTAKT\"}]},{\"@type\":\"WebSite\",\"@id\":\"https:\/\/royalwood.ba\/#website\",\"url\":\"https:\/\/royalwood.ba\/\",\"name\":\"ROYAL WOOD d.o.o. Sarajevo\",\"description\":\"\",\"potentialAction\":[{\"@type\":\"SearchAction\",\"target\":{\"@type\":\"EntryPoint\",\"urlTemplate\":\"https:\/\/royalwood.ba\/?s={search_term_string}\"},\"query-input\":\"required name=search_term_string\"}],\"inLanguage\":\"fr-FR\"}]}<\/script>\n<!-- \/ Yoast SEO plugin. -->","yoast_head_json":{"title":"KONTAKT - ROYAL WOOD d.o.o. Sarajevo","robots":{"index":"index","follow":"follow","max-snippet":"max-snippet:-1","max-image-preview":"max-image-preview:large","max-video-preview":"max-video-preview:-1"},"canonical":"https:\/\/royalwood.ba\/fr\/kontakt\/","og_locale":"fr_FR","og_type":"article","og_title":"KONTAKT - ROYAL WOOD d.o.o. Sarajevo","og_url":"https:\/\/royalwood.ba\/fr\/kontakt\/","og_site_name":"ROYAL WOOD d.o.o. Sarajevo","article_modified_time":"2023-01-08T10:27:36+00:00","twitter_card":"summary_large_image","twitter_misc":{"Dur\u00e9e de lecture estim\u00e9e":"1 minute"},"schema":{"@context":"https:\/\/schema.org","@graph":[{"@type":"WebPage","@id":"https:\/\/royalwood.ba\/kontakt\/","url":"https:\/\/royalwood.ba\/kontakt\/","name":"KONTAKT - ROYAL WOOD d.o.o. Sarajevo","isPartOf":{"@id":"https:\/\/royalwood.ba\/#website"},"datePublished":"2014-03-19T09:24:31+00:00","dateModified":"2023-01-08T10:27:36+00:00","breadcrumb":{"@id":"https:\/\/royalwood.ba\/kontakt\/#breadcrumb"},"inLanguage":"fr-FR","potentialAction":[{"@type":"ReadAction","target":["https:\/\/royalwood.ba\/kontakt\/"]}]},{"@type":"BreadcrumbList","@id":"https:\/\/royalwood.ba\/kontakt\/#breadcrumb","itemListElement":[{"@type":"ListItem","position":1,"name":"Home","item":"https:\/\/royalwood.ba\/"},{"@type":"ListItem","position":2,"name":"KONTAKT"}]},{"@type":"WebSite","@id":"https:\/\/royalwood.ba\/#website","url":"https:\/\/royalwood.ba\/","name":"ROYAL WOOD d.o.o. Sarajevo","description":"","potentialAction":[{"@type":"SearchAction","target":{"@type":"EntryPoint","urlTemplate":"https:\/\/royalwood.ba\/?s={search_term_string}"},"query-input":"required name=search_term_string"}],"inLanguage":"fr-FR"}]}},"_links":{"self":[{"href":"https:\/\/royalwood.ba\/fr\/wp-json\/wp\/v2\/pages\/16283","targetHints":{"allow":["GET"]}}],"collection":[{"href":"https:\/\/royalwood.ba\/fr\/wp-json\/wp\/v2\/pages"}],"about":[{"href":"https:\/\/royalwood.ba\/fr\/wp-json\/wp\/v2\/types\/page"}],"author":[{"embeddable":true,"href":"https:\/\/royalwood.ba\/fr\/wp-json\/wp\/v2\/users\/2"}],"replies":[{"embeddable":true,"href":"https:\/\/royalwood.ba\/fr\/wp-json\/wp\/v2\/comments?post=16283"}],"version-history":[{"count":5,"href":"https:\/\/royalwood.ba\/fr\/wp-json\/wp\/v2\/pages\/16283\/revisions"}],"predecessor-version":[{"id":17063,"href":"https:\/\/royalwood.ba\/fr\/wp-json\/wp\/v2\/pages\/16283\/revisions\/17063"}],"wp:attachment":[{"href":"https:\/\/royalwood.ba\/fr\/wp-json\/wp\/v2\/media?parent=16283"}],"curies":[{"name":"wp","href":"https:\/\/api.w.org\/{rel}","templated":true}]}}